{"id":20,"date":"2024-09-08T18:31:09","date_gmt":"2024-09-08T18:31:09","guid":{"rendered":"https:\/\/canhustle365.com\/services\/"},"modified":"2024-10-03T04:19:19","modified_gmt":"2024-10-03T04:19:19","slug":"about","status":"publish","type":"page","link":"https:\/\/canhustle365.com\/fr\/about\/","title":{"rendered":"About us"},"content":{"rendered":"<div class=\"wp-block-group alignfull has-background-background-color has-background has-global-padding is-layout-constrained wp-container-core-group-is-layout-832022f9 wp-block-group-is-layout-constrained\" style=\"margin-top:0;margin-bottom:0;padding-top:0;padding-right:0;padding-bottom:0;padding-left:0\">\n<div class=\"wp-block-cover alignfull extendify-image-import\" style=\"padding-top:0;padding-right:var(--wp--preset--spacing--30);padding-bottom:0;padding-left:var(--wp--preset--spacing--30);min-height:100vh;aspect-ratio:unset;\"><span aria-hidden=\"true\" class=\"wp-block-cover__background has-black-background-color has-background-dim-60 has-background-dim\"><\/span><img decoding=\"async\" class=\"wp-block-cover__image-background\" alt=\"\" src=\"https:\/\/images.unsplash.com\/photo-1616587226960-4a03badbe8bf?fit=crop&amp;crop=entropy%2Cfaces&amp;auto=format%2Ccompress&amp;w=1280\" data-object-fit=\"cover\"\/><div class=\"wp-block-cover__inner-container is-layout-flow wp-block-cover-is-layout-flow\">\n<div class=\"wp-block-group has-global-padding is-layout-constrained wp-block-group-is-layout-constrained\" style=\"padding-top:var(--wp--preset--spacing--60);padding-bottom:var(--wp--preset--spacing--60)\">\n<div class=\"wp-block-group alignwide has-global-padding is-content-justification-left is-layout-constrained wp-container-core-group-is-layout-12dd3699 wp-block-group-is-layout-constrained\">\n<h1 class=\"wp-block-heading has-text-color has-x-large-font-size\" style=\"color:#fffffffc\">D\u00e9couvrez notre \u00e9quipe et nos services complets<\/h1>\n\n\n\n<p class=\"has-text-color\" style=\"color:#fffffffc;margin-top:16px\">Des solutions de recrutement sur mesure con\u00e7ues pour r\u00e9pondre \u00e0 vos objectifs sp\u00e9cifiques, vous menant vers le succ\u00e8s professionnel.<\/p>\n<\/div>\n<\/div>\n<\/div><\/div>\n<\/div>\n\n\n\n<div class=\"wp-block-group alignfull has-background-background-color has-background has-global-padding is-layout-constrained wp-container-core-group-is-layout-7276a2bb wp-block-group-is-layout-constrained\" style=\"margin-top:0;margin-bottom:0;padding-top:var(--wp--preset--spacing--60);padding-right:var(--wp--preset--spacing--30);padding-bottom:var(--wp--preset--spacing--60);padding-left:var(--wp--preset--spacing--30)\">\n<div class=\"wp-block-group alignwide has-global-padding is-content-justification-left is-layout-constrained wp-container-core-group-is-layout-8b4c372c wp-block-group-is-layout-constrained\">\n<h2 class=\"wp-block-heading has-text-align-left has-large-font-size\">Notre \u00e9quipe d'experts<\/h2>\n\n\n\n<p class=\"has-text-align-left\" style=\"margin-top:16px\">D\u00e9couvrez les talents diversifi\u00e9s de notre \u00e9quipe, des recruteurs exp\u00e9riment\u00e9s aux sp\u00e9cialistes de l'industrie, tous engag\u00e9s \u00e0 associer le bon talent \u00e0 l'opportunit\u00e9 id\u00e9ale.<\/p>\n<\/div>\n\n\n\n<div class=\"wp-block-columns alignwide is-layout-flex wp-container-core-columns-is-layout-d0846407 wp-block-columns-is-layout-flex\">\n<div class=\"wp-block-column is-layout-flow wp-block-column-is-layout-flow\">\n<figure class=\"wp-block-image aligncenter size-full is-style-rounded extendify-image-import wp-duotone-foreground-and-background\"><img loading=\"lazy\" decoding=\"async\" width=\"204\" height=\"192\" src=\"https:\/\/canhustle365.com\/wp-content\/uploads\/2024\/09\/dummy-profile.png\" alt=\"\" class=\"wp-image-205\" style=\"aspect-ratio:1;object-fit:cover\" srcset=\"https:\/\/canhustle365.com\/wp-content\/uploads\/2024\/09\/dummy-profile.png 204w, https:\/\/canhustle365.com\/wp-content\/uploads\/2024\/09\/dummy-profile-13x12.png 13w\" sizes=\"auto, (max-width: 204px) 100vw, 204px\" \/><\/figure>\n\n\n\n<h4 class=\"wp-block-heading has-text-align-center\" style=\"margin-top:20px;font-size:clamp(14px, 0.875rem + ((1vw - 3.2px) * 0.625), 20px);\">Ariane Mbanzeu<\/h4>\n\n\n\n<h4 class=\"wp-block-heading has-text-align-center\" style=\"margin-top:20px;font-size:clamp(14px, 0.875rem + ((1vw - 3.2px) * 0.625), 20px);\">+14033971882<\/h4>\n\n\n\n<p class=\"has-text-align-center has-primary-color has-text-color has-small-font-size\" style=\"margin-top:4px\">PDG<\/p>\n\n\n\n<p class=\"has-text-align-center has-small-font-size\" style=\"margin-top:12px\">Consultant en carri\u00e8re d\u00e9di\u00e9 \u00e0 favoriser la croissance professionnelle.<\/p>\n\n\n\n<ul class=\"wp-block-social-links has-small-icon-size has-icon-color is-style-logos-only is-content-justification-center is-layout-flex wp-container-core-social-links-is-layout-ce9397e5 wp-block-social-links-is-layout-flex\" style=\"margin-top:24px\"><li style=\"color:#0B0620;\" class=\"wp-social-link wp-social-link-twitter has-foreground-color wp-block-social-link\"><a href=\"https:\/\/twitter.com\/\" class=\"wp-block-social-link-anchor\"><svg width=\"24\" height=\"24\" viewbox=\"0 0 24 24\" version=\"1.1\" xmlns=\"http:\/\/www.w3.org\/2000\/svg\" aria-hidden=\"true\" focusable=\"false\"><path d=\"M22.23,5.924c-0.736,0.326-1.527,0.547-2.357,0.646c0.847-0.508,1.498-1.312,1.804-2.27 c-0.793,0.47-1.671,0.812-2.606,0.996C18.324,4.498,17.257,4,16.077,4c-2.266,0-4.103,1.837-4.103,4.103 c0,0.322,0.036,0.635,0.106,0.935C8.67,8.867,5.647,7.234,3.623,4.751C3.27,5.357,3.067,6.062,3.067,6.814 c0,1.424,0.724,2.679,1.825,3.415c-0.673-0.021-1.305-0.206-1.859-0.513c0,0.017,0,0.034,0,0.052c0,1.988,1.414,3.647,3.292,4.023 c-0.344,0.094-0.707,0.144-1.081,0.144c-0.264,0-0.521-0.026-0.772-0.074c0.522,1.63,2.038,2.816,3.833,2.85 c-1.404,1.1-3.174,1.756-5.096,1.756c-0.331,0-0.658-0.019-0.979-0.057c1.816,1.164,3.973,1.843,6.29,1.843 c7.547,0,11.675-6.252,11.675-11.675c0-0.178-0.004-0.355-0.012-0.531C20.985,7.47,21.68,6.747,22.23,5.924z\"><\/path><\/svg><span class=\"wp-block-social-link-label screen-reader-text\">Twitter<\/span><\/a><\/li>\n\n<li style=\"color:#0B0620;\" class=\"wp-social-link wp-social-link-linkedin has-foreground-color wp-block-social-link\"><a href=\"https:\/\/www.linkedin.com\/\" class=\"wp-block-social-link-anchor\"><svg width=\"24\" height=\"24\" viewbox=\"0 0 24 24\" version=\"1.1\" xmlns=\"http:\/\/www.w3.org\/2000\/svg\" aria-hidden=\"true\" focusable=\"false\"><path d=\"M19.7,3H4.3C3.582,3,3,3.582,3,4.3v15.4C3,20.418,3.582,21,4.3,21h15.4c0.718,0,1.3-0.582,1.3-1.3V4.3 C21,3.582,20.418,3,19.7,3z M8.339,18.338H5.667v-8.59h2.672V18.338z M7.004,8.574c-0.857,0-1.549-0.694-1.549-1.548 c0-0.855,0.691-1.548,1.549-1.548c0.854,0,1.547,0.694,1.547,1.548C8.551,7.881,7.858,8.574,7.004,8.574z M18.339,18.338h-2.669 v-4.177c0-0.996-0.017-2.278-1.387-2.278c-1.389,0-1.601,1.086-1.601,2.206v4.249h-2.667v-8.59h2.559v1.174h0.037 c0.356-0.675,1.227-1.387,2.526-1.387c2.703,0,3.203,1.779,3.203,4.092V18.338z\"><\/path><\/svg><span class=\"wp-block-social-link-label screen-reader-text\">LinkedIn<\/span><\/a><\/li><\/ul>\n<\/div>\n\n\n\n<div class=\"wp-block-column is-layout-flow wp-block-column-is-layout-flow\">\n<figure class=\"wp-block-image aligncenter size-full is-resized is-style-rounded extendify-image-import wp-duotone-foreground-and-background\"><img loading=\"lazy\" decoding=\"async\" width=\"204\" height=\"192\" src=\"https:\/\/canhustle365.com\/wp-content\/uploads\/2024\/09\/dummy-profile.png\" alt=\"\" class=\"wp-image-205\" style=\"aspect-ratio:1;object-fit:cover;width:203px;height:auto\" srcset=\"https:\/\/canhustle365.com\/wp-content\/uploads\/2024\/09\/dummy-profile.png 204w, https:\/\/canhustle365.com\/wp-content\/uploads\/2024\/09\/dummy-profile-13x12.png 13w\" sizes=\"auto, (max-width: 204px) 100vw, 204px\" \/><\/figure>\n\n\n\n<h4 class=\"wp-block-heading has-text-align-center\" style=\"margin-top:20px;font-size:clamp(14px, 0.875rem + ((1vw - 3.2px) * 0.625), 20px);\">Fab le Pacha<\/h4>\n\n\n\n<h4 class=\"wp-block-heading has-text-align-center\" style=\"margin-top:20px;font-size:clamp(14px, 0.875rem + ((1vw - 3.2px) * 0.625), 20px);\">+15878306069<\/h4>\n\n\n\n<p class=\"has-text-align-center has-primary-color has-text-color has-small-font-size\" style=\"margin-top:4px\">Assistant<\/p>\n\n\n\n<p class=\"has-text-align-center has-small-font-size\" style=\"margin-top:12px\">Sp\u00e9cialiste du recrutement \u00e0 temps plein avec un accent sur les secteurs vari\u00e9s.<\/p>\n\n\n\n<ul class=\"wp-block-social-links has-small-icon-size has-icon-color is-style-logos-only is-content-justification-center is-layout-flex wp-container-core-social-links-is-layout-ce9397e5 wp-block-social-links-is-layout-flex\" style=\"margin-top:24px\"><li style=\"color:#0B0620;\" class=\"wp-social-link wp-social-link-twitter has-foreground-color wp-block-social-link\"><a href=\"https:\/\/twitter.com\/\" class=\"wp-block-social-link-anchor\"><svg width=\"24\" height=\"24\" viewbox=\"0 0 24 24\" version=\"1.1\" xmlns=\"http:\/\/www.w3.org\/2000\/svg\" aria-hidden=\"true\" focusable=\"false\"><path d=\"M22.23,5.924c-0.736,0.326-1.527,0.547-2.357,0.646c0.847-0.508,1.498-1.312,1.804-2.27 c-0.793,0.47-1.671,0.812-2.606,0.996C18.324,4.498,17.257,4,16.077,4c-2.266,0-4.103,1.837-4.103,4.103 c0,0.322,0.036,0.635,0.106,0.935C8.67,8.867,5.647,7.234,3.623,4.751C3.27,5.357,3.067,6.062,3.067,6.814 c0,1.424,0.724,2.679,1.825,3.415c-0.673-0.021-1.305-0.206-1.859-0.513c0,0.017,0,0.034,0,0.052c0,1.988,1.414,3.647,3.292,4.023 c-0.344,0.094-0.707,0.144-1.081,0.144c-0.264,0-0.521-0.026-0.772-0.074c0.522,1.63,2.038,2.816,3.833,2.85 c-1.404,1.1-3.174,1.756-5.096,1.756c-0.331,0-0.658-0.019-0.979-0.057c1.816,1.164,3.973,1.843,6.29,1.843 c7.547,0,11.675-6.252,11.675-11.675c0-0.178-0.004-0.355-0.012-0.531C20.985,7.47,21.68,6.747,22.23,5.924z\"><\/path><\/svg><span class=\"wp-block-social-link-label screen-reader-text\">Twitter<\/span><\/a><\/li>\n\n<li style=\"color:#0B0620;\" class=\"wp-social-link wp-social-link-linkedin has-foreground-color wp-block-social-link\"><a href=\"https:\/\/www.linkedin.com\/\" class=\"wp-block-social-link-anchor\"><svg width=\"24\" height=\"24\" viewbox=\"0 0 24 24\" version=\"1.1\" xmlns=\"http:\/\/www.w3.org\/2000\/svg\" aria-hidden=\"true\" focusable=\"false\"><path d=\"M19.7,3H4.3C3.582,3,3,3.582,3,4.3v15.4C3,20.418,3.582,21,4.3,21h15.4c0.718,0,1.3-0.582,1.3-1.3V4.3 C21,3.582,20.418,3,19.7,3z M8.339,18.338H5.667v-8.59h2.672V18.338z M7.004,8.574c-0.857,0-1.549-0.694-1.549-1.548 c0-0.855,0.691-1.548,1.549-1.548c0.854,0,1.547,0.694,1.547,1.548C8.551,7.881,7.858,8.574,7.004,8.574z M18.339,18.338h-2.669 v-4.177c0-0.996-0.017-2.278-1.387-2.278c-1.389,0-1.601,1.086-1.601,2.206v4.249h-2.667v-8.59h2.559v1.174h0.037 c0.356-0.675,1.227-1.387,2.526-1.387c2.703,0,3.203,1.779,3.203,4.092V18.338z\"><\/path><\/svg><span class=\"wp-block-social-link-label screen-reader-text\">LinkedIn<\/span><\/a><\/li><\/ul>\n<\/div>\n<\/div>\n<\/div>\n\n\n\n<div class=\"wp-block-group alignfull has-tertiary-background-color has-background has-global-padding is-layout-constrained wp-container-core-group-is-layout-7276a2bb wp-block-group-is-layout-constrained\" style=\"margin-top:0;margin-bottom:0;padding-top:var(--wp--preset--spacing--60);padding-right:var(--wp--preset--spacing--30);padding-bottom:var(--wp--preset--spacing--60);padding-left:var(--wp--preset--spacing--30)\">\n<div class=\"wp-block-group alignwide has-global-padding is-content-justification-left is-layout-constrained wp-container-core-group-is-layout-8b4c372c wp-block-group-is-layout-constrained\">\n<h2 class=\"wp-block-heading has-large-font-size\">Solutions de recrutement expertes pour un avenir florissant<\/h2>\n\n\n\n<p style=\"margin-top:16px\">Chez CanHustle 365, nous offrons des services exceptionnels pour r\u00e9pondre \u00e0 divers besoins. Laissez-nous \u00eatre votre partenaire dans la r\u00e9ussite.<\/p>\n<\/div>\n\n\n\n<div class=\"wp-block-columns alignwide are-vertically-aligned-top is-layout-flex wp-container-core-columns-is-layout-08c01c1c wp-block-columns-is-layout-flex\">\n<div class=\"wp-block-column is-vertically-aligned-top is-layout-flow wp-block-column-is-layout-flow\">\n<div class=\"wp-block-group has-global-padding is-layout-constrained wp-block-group-is-layout-constrained\">\n<h3 class=\"wp-block-heading\" style=\"font-size:clamp(14px, 0.875rem + ((1vw - 3.2px) * 0.625), 20px);line-height:1.5\">Recrutement permanent<\/h3>\n\n\n\n<p class=\"has-small-font-size\" style=\"margin-top:8px\">Notre service de recrutement permanent associe employeurs et chercheurs d'emploi pour un succ\u00e8s \u00e0 long terme.<\/p>\n<\/div>\n\n\n\n<div class=\"wp-block-group has-global-padding is-layout-constrained wp-block-group-is-layout-constrained\">\n<h3 class=\"wp-block-heading\" style=\"font-size:clamp(14px, 0.875rem + ((1vw - 3.2px) * 0.625), 20px);line-height:1.5\">Recrutement flexible<\/h3>\n\n\n\n<p class=\"has-small-font-size\" style=\"margin-top:8px\">Notre service de recrutement flexible met en relation les employeurs avec des professionnels \u00e0 la recherche d'opportunit\u00e9s \u00e0 temps partiel.<\/p>\n<\/div>\n\n\n\n<div class=\"wp-block-group has-global-padding is-layout-constrained wp-block-group-is-layout-constrained\">\n<h3 class=\"wp-block-heading\" style=\"font-size:clamp(14px, 0.875rem + ((1vw - 3.2px) * 0.625), 20px);line-height:1.5\">Recherche de talents ex\u00e9cutifs<\/h3>\n\n\n\n<p class=\"has-small-font-size\" style=\"margin-top:8px\">Notre recherche de talents ex\u00e9cutifs identifie les meilleurs leaders pour des postes \u00e0 fort impact.<\/p>\n<\/div>\n<\/div>\n\n\n\n<div class=\"wp-block-column is-vertically-aligned-top is-layout-flow wp-block-column-is-layout-flow\">\n<figure class=\"wp-block-image ext-aspect-landscape extendify-image-import\"><img decoding=\"async\" src=\"https:\/\/images.unsplash.com\/photo-1573497161223-d9c42d7b0bad?fit=crop&amp;crop=entropy%2Cfaces&amp;auto=format%2Ccompress&amp;w=1280\" alt=\"\" style=\"aspect-ratio:4\/3;object-fit:cover\"\/><\/figure>\n<\/div>\n<\/div>\n<\/div>\n\n\n\n<div class=\"wp-block-group alignfull has-background-background-color has-background has-global-padding is-layout-constrained wp-container-core-group-is-layout-68d5e5bb wp-block-group-is-layout-constrained\" style=\"margin-top:0;margin-bottom:0;padding-top:var(--wp--preset--spacing--50);padding-right:var(--wp--preset--spacing--30);padding-bottom:var(--wp--preset--spacing--60);padding-left:var(--wp--preset--spacing--30)\">\n<div class=\"wp-block-group alignwide has-global-padding is-content-justification-left is-layout-constrained wp-container-core-group-is-layout-12dd3699 wp-block-group-is-layout-constrained\">\n<h2 class=\"wp-block-heading has-large-font-size\">Pourquoi choisir CanHustle 365 ?<\/h2>\n\n\n\n<p style=\"margin-top:16px\">Nous connectons le bon talent avec la bonne opportunit\u00e9 chez CanHustle 365.<\/p>\n<\/div>\n\n\n\n<div class=\"wp-block-columns alignwide is-layout-flex wp-container-core-columns-is-layout-47c06fe3 wp-block-columns-is-layout-flex\">\n<div class=\"wp-block-column is-layout-flow wp-block-column-is-layout-flow\">\n<figure class=\"wp-block-image extendify-image-import\"><img decoding=\"async\" src=\"https:\/\/images.unsplash.com\/photo-1573497491208-6b1acb260507?fit=crop&amp;crop=entropy%2Cfaces&amp;auto=format%2Ccompress&amp;w=1280\" alt=\"\" style=\"aspect-ratio:1;object-fit:cover\"\/><\/figure>\n<\/div>\n\n\n\n<div class=\"wp-block-column is-vertically-aligned-top is-layout-flow wp-block-column-is-layout-flow\">\n<div class=\"wp-block-group has-global-padding is-layout-constrained wp-block-group-is-layout-constrained\">\n<h3 class=\"wp-block-heading\" style=\"font-size:clamp(14px, 0.875rem + ((1vw - 3.2px) * 0.625), 20px);line-height:1.5\">Expertise sp\u00e9cifique au secteur<\/h3>\n\n\n\n<p class=\"has-small-font-size\" style=\"margin-top:8px\">Notre \u00e9quipe hautement qualifi\u00e9e et exp\u00e9riment\u00e9e est d\u00e9di\u00e9e \u00e0 vous aider \u00e0 trouver le candidat id\u00e9al pour vos besoins.<\/p>\n<\/div>\n\n\n\n<div class=\"wp-block-group has-global-padding is-layout-constrained wp-block-group-is-layout-constrained\">\n<h3 class=\"wp-block-heading\" style=\"font-size:clamp(14px, 0.875rem + ((1vw - 3.2px) * 0.625), 20px);line-height:1.5\">Ajustement garanti<\/h3>\n\n\n\n<p class=\"has-small-font-size\" style=\"margin-top:8px\">Chez CanHustle 365, nous nous engageons pleinement \u00e0 garantir l'ajustement id\u00e9al pour un succ\u00e8s durable et une croissance \u00e0 long terme. Notre d\u00e9vouement nous pousse \u00e0 rechercher et \u00e0 mettre en \u0153uvre les meilleures strat\u00e9gies pour obtenir des r\u00e9sultats durables.<\/p>\n<\/div>\n<\/div>\n\n\n\n<div class=\"wp-block-column is-vertically-aligned-top is-layout-flow wp-block-column-is-layout-flow\">\n<div class=\"wp-block-group has-global-padding is-layout-constrained wp-block-group-is-layout-constrained\">\n<h3 class=\"wp-block-heading\" style=\"font-size:clamp(14px, 0.875rem + ((1vw - 3.2px) * 0.625), 20px);line-height:1.5\">Solutions de recrutement tout compris<\/h3>\n\n\n\n<p class=\"has-small-font-size\" style=\"margin-top:8px\">Nous g\u00e9rons avec expertise tous vos besoins en recrutement, ce qui all\u00e8ge consid\u00e9rablement votre charge de travail et vous permet de vous concentrer sur d'autres aspects importants de votre entreprise.<\/p>\n<\/div>\n\n\n\n<div class=\"wp-block-group has-global-padding is-layout-constrained wp-block-group-is-layout-constrained\">\n<h3 class=\"wp-block-heading\" style=\"font-size:clamp(14px, 0.875rem + ((1vw - 3.2px) * 0.625), 20px);line-height:1.5\">Conseils de carri\u00e8re personnalis\u00e9s<\/h3>\n\n\n\n<p class=\"has-small-font-size\" style=\"margin-top:8px\">Consultation de carri\u00e8re sur mesure pour vous aider \u00e0 atteindre vos objectifs professionnels.<\/p>\n<\/div>\n<\/div>\n<\/div>\n<\/div>\n\n\n\n<div class=\"wp-block-group alignfull has-tertiary-background-color has-background has-global-padding is-layout-constrained wp-container-core-group-is-layout-7276a2bb wp-block-group-is-layout-constrained\" style=\"margin-top:0;margin-bottom:0;padding-top:var(--wp--preset--spacing--60);padding-right:var(--wp--preset--spacing--30);padding-bottom:var(--wp--preset--spacing--60);padding-left:var(--wp--preset--spacing--30)\">\n<div class=\"wp-block-group alignwide is-content-justification-space-between is-layout-flex wp-container-core-group-is-layout-9366075c wp-block-group-is-layout-flex\">\n<div class=\"wp-block-group has-global-padding is-layout-constrained wp-block-group-is-layout-constrained\">\n<h2 class=\"wp-block-heading has-large-font-size\">D\u00e9bloquez votre potentiel avec CanHustle 365<\/h2>\n\n\n\n<p style=\"margin-top:16px\">Commencez votre parcours inspirant avec CanHustle 365, en connectant talents et opportunit\u00e9s \u00e0 travers les industries. Notre plateforme conviviale et notre soutien d\u00e9vou\u00e9 vous assurent de trouver l'ajustement parfait pour la croissance de votre carri\u00e8re ou le succ\u00e8s de votre entreprise. Rejoignez-nous et prosp\u00e9rez d\u00e8s aujourd'hui.<\/p>\n<\/div>\n\n\n\n<div class=\"wp-block-buttons is-horizontal is-content-justification-right is-layout-flex wp-container-core-buttons-is-layout-27c00227 wp-block-buttons-is-layout-flex\">\n<div class=\"wp-block-button is-style-outline is-style-outline--1\"><a class=\"wp-block-button__link wp-element-button\" href=\"https:\/\/canhustle365.com\/fr\/looking-for-a-job\/\">Besoin d'un emploi ?<\/a><\/div>\n\n\n\n<div class=\"wp-block-button\"><a class=\"wp-block-button__link wp-element-button\" href=\"https:\/\/canhustle365.com\/fr\/hire-now\/\">Embauchez maintenant<\/a><\/div>\n<\/div>\n<\/div>\n<\/div>","protected":false},"excerpt":{"rendered":"<p>Our Expert Team Explore the diverse talents within our team, from seasoned recruiters to industry specialists, all committed to matching the right talent with the perfect opportunity. Ariane Mbanzeu +14033971882 CEO Career consultant dedicated to nurturing professional growth. Fab le Pacha +15878306069 Assistant Specializes in full-time recruitment with a focus on diverse sectors. Expert Recruitment [&hellip;]<\/p>\n","protected":false},"author":1,"featured_media":0,"parent":0,"menu_order":0,"comment_status":"closed","ping_status":"closed","template":"no-title","meta":{"_monsterinsights_skip_tracking":false,"_monsterinsights_sitenote_active":false,"_monsterinsights_sitenote_note":"","_monsterinsights_sitenote_category":0,"footnotes":""},"class_list":["post-20","page","type-page","status-publish","hentry"],"aioseo_notices":[],"_links":{"self":[{"href":"https:\/\/canhustle365.com\/fr\/wp-json\/wp\/v2\/pages\/20","targetHints":{"allow":["GET"]}}],"collection":[{"href":"https:\/\/canhustle365.com\/fr\/wp-json\/wp\/v2\/pages"}],"about":[{"href":"https:\/\/canhustle365.com\/fr\/wp-json\/wp\/v2\/types\/page"}],"author":[{"embeddable":true,"href":"https:\/\/canhustle365.com\/fr\/wp-json\/wp\/v2\/users\/1"}],"replies":[{"embeddable":true,"href":"https:\/\/canhustle365.com\/fr\/wp-json\/wp\/v2\/comments?post=20"}],"version-history":[{"count":22,"href":"https:\/\/canhustle365.com\/fr\/wp-json\/wp\/v2\/pages\/20\/revisions"}],"predecessor-version":[{"id":368,"href":"https:\/\/canhustle365.com\/fr\/wp-json\/wp\/v2\/pages\/20\/revisions\/368"}],"wp:attachment":[{"href":"https:\/\/canhustle365.com\/fr\/wp-json\/wp\/v2\/media?parent=20"}],"curies":[{"name":"wp","href":"https:\/\/api.w.org\/{rel}","templated":true}]}}