{"id":26,"date":"2024-09-08T18:31:13","date_gmt":"2024-09-08T18:31:13","guid":{"rendered":"https:\/\/canhustle365.com\/team\/"},"modified":"2024-09-24T19:45:36","modified_gmt":"2024-09-24T19:45:36","slug":"hire-now","status":"publish","type":"page","link":"https:\/\/canhustle365.com\/fr\/hire-now\/","title":{"rendered":"Embauchez maintenant"},"content":{"rendered":"\n<div class=\"wp-block-group alignfull has-background-background-color has-background has-global-padding is-layout-constrained wp-container-core-group-is-layout-832022f9 wp-block-group-is-layout-constrained\" style=\"margin-top:0;margin-bottom:0;padding-top:0;padding-right:0;padding-bottom:0;padding-left:0\">\n<div class=\"wp-block-cover alignfull extendify-image-import\" style=\"padding-top:0;padding-right:var(--wp--preset--spacing--30);padding-bottom:0;padding-left:var(--wp--preset--spacing--30);min-height:100vh;aspect-ratio:unset;\"><span aria-hidden=\"true\" class=\"wp-block-cover__background has-black-background-color has-background-dim-80 has-background-dim\"><\/span><img loading=\"lazy\" decoding=\"async\" width=\"1900\" height=\"1231\" class=\"wp-block-cover__image-background wp-image-159\" alt=\"\" src=\"https:\/\/canhustle365.com\/wp-content\/uploads\/2024\/09\/modern-corporate-people-working-.jpg\" data-object-fit=\"cover\" srcset=\"https:\/\/canhustle365.com\/wp-content\/uploads\/2024\/09\/modern-corporate-people-working-.jpg 1900w, https:\/\/canhustle365.com\/wp-content\/uploads\/2024\/09\/modern-corporate-people-working--300x194.jpg 300w, https:\/\/canhustle365.com\/wp-content\/uploads\/2024\/09\/modern-corporate-people-working--1024x663.jpg 1024w, https:\/\/canhustle365.com\/wp-content\/uploads\/2024\/09\/modern-corporate-people-working--768x498.jpg 768w, https:\/\/canhustle365.com\/wp-content\/uploads\/2024\/09\/modern-corporate-people-working--1536x995.jpg 1536w, https:\/\/canhustle365.com\/wp-content\/uploads\/2024\/09\/modern-corporate-people-working--18x12.jpg 18w\" sizes=\"auto, (max-width: 1900px) 100vw, 1900px\" \/><div class=\"wp-block-cover__inner-container is-layout-flow wp-block-cover-is-layout-flow\">\n<div class=\"wp-block-group has-global-padding is-layout-constrained wp-block-group-is-layout-constrained\" style=\"margin-top:var(--wp--preset--spacing--30);padding-top:var(--wp--preset--spacing--60);padding-bottom:var(--wp--preset--spacing--60)\">\n<div class=\"wp-block-group alignwide has-global-padding is-content-justification-left is-layout-constrained wp-container-core-group-is-layout-b9c07640 wp-block-group-is-layout-constrained\" style=\"margin-top:var(--wp--preset--spacing--30);padding-top:0;padding-bottom:0\">\n<h1 class=\"wp-block-heading has-text-color has-x-large-font-size\" style=\"color:#fffffffc\">N<strong>o More Hustle, Just Hire with CanHustle 365<\/strong><\/h1>\n\n\n\n<p class=\"has-text-color\" style=\"color:#fffffffc;margin-top:16px\"><strong>Hiring doesn&#8217;t have to be a hassle. With CanHustle 365, you can find the perfect candidate for your business without breaking a sweat. Our streamlined hiring process ensures that you get the best talent for your business, without the stress and hassle of traditional recruitment methods<\/strong>.<\/p>\n<\/div>\n<\/div>\n<\/div><\/div>\n<\/div>\n\n\n\n<div class=\"wp-block-group alignfull has-vertical-tertiary-to-background-gradient-background has-background has-global-padding is-layout-constrained wp-container-core-group-is-layout-28549256 wp-block-group-is-layout-constrained\" style=\"margin-top:0;margin-bottom:0;padding-top:var(--wp--preset--spacing--60);padding-right:var(--wp--preset--spacing--30);padding-bottom:var(--wp--preset--spacing--60);padding-left:var(--wp--preset--spacing--30)\">\n<h2 class=\"wp-block-heading has-large-font-size\">Unlock Your Potential with CanHustle 365<\/h2>\n\n\n\n<p style=\"margin-top:16px\">Embark on a path to growth and success with CanHustle 365. Our platform bridges talented job seekers and leading employers through cutting-edge technology and a personalized approach. We&#8217;re committed to helping you flourish.<\/p>\n<\/div>\n\n\n\n<p><strong>Browse through our list of skilled and experienced job seekers below<\/strong>:<\/p>\n\n\n<link rel=\"stylesheet\" href=\"https:\/\/cdnjs.cloudflare.com\/ajax\/libs\/font-awesome\/5.15.3\/css\/all.min.css\" crossorigin=\"anonymous\" referrerpolicy=\"no-referrer\" \/>\r\n<div class=\"wp-block-group alignfull has-background-background-color has-background\" style=\"margin-top:0;margin-bottom:0;padding-top:var(--wp--preset--spacing--60);padding-right:var(--wp--preset--spacing--30);padding-bottom:var(--wp--preset--spacing--60);padding-left:var(--wp--preset--spacing--30)\">\r\n    <div class=\"wp-block-group alignwide\">\r\n        <h2 class=\"wp-block-heading has-large-font-size\" style=\"text-align: center; color: #F7362E;\">Job Seekers<\/h2>\r\n\r\n        <div class=\"filter-container\"><select id=\"profession-dropdown\" style=\"width: 200px; height: 40px; padding: 5px; font-size: 16px; border: 1px solid #ddd; border-radius: 5px;\"><option value=\"\">Select Profession<\/option><option value=\"Caregiver\">Caregiver<\/option><option value=\"Consultante\">Consultante<\/option><option value=\"Electricien\">Electricien<\/option><option value=\"Engineer\">Engineer<\/option><option value=\"Frigoriste\">Frigoriste<\/option><option value=\"Guidance consellor\">Guidance consellor<\/option><option value=\"HR\">HR<\/option><option value=\"Menuiserie\">Menuiserie<\/option><option value=\"M\u00e9canicien\">M\u00e9canicien<\/option><option value=\"Op\u00e9rateur de machine \u00e0 imprimer\">Op\u00e9rateur de machine \u00e0 imprimer<\/option><option value=\"Sales\">Sales<\/option><option value=\"Saleswoman\">Saleswoman<\/option><option value=\"Service \u00e0 la client\u00e8le et caissi\u00e8re\">Service \u00e0 la client\u00e8le et caissi\u00e8re<\/option><option value=\"Software Developer\">Software Developer<\/option><option value=\"Specialist in Surveying and Infrastructure Project Management\">Specialist in Surveying and Infrastructure Project Management<\/option><option value=\"\u00c9LECTROTECHNICIEN\">\u00c9LECTROTECHNICIEN<\/option><option value=\"\u00c9lectricien\">\u00c9lectricien<\/option><\/select><\/div><div id=\"entries-container\" class=\"entries-container\"><div class=\"entry-card\" data-profession=\"Service \u00e0 la client\u00e8le et caissi\u00e8re\" style=\"background-image: linear-gradient(to bottom, rgba(60, 60, 60, 0.8), rgba(0, 0, 0, 0.8)); color: #fff; border-radius: 10px; box-shadow: 0px 1px 15px #f7362e; margin: 10px;\"><div class=\"card-body\"><p><i class=\"fas fa-briefcase\"><\/i> N\u2019importe quel poste ou t\u00e2che me conviendrait<\/p><p><i class=\"fas fa-graduation-cap\"><\/i> Licence acad\u00e9mique et professionnelle<\/p><p><i class=\"fas fa-calendar-alt\"><\/i> Available from: 26\/02\/2026<\/p><p><i class=\"fas fa-clock\"><\/i> 6 years of experience<\/p><\/div><\/div><div class=\"entry-card\" data-profession=\"Software Developer\" style=\"background-image: linear-gradient(to bottom, rgba(60, 60, 60, 0.8), rgba(0, 0, 0, 0.8)); color: #fff; border-radius: 10px; box-shadow: 0px 1px 15px #f7362e; margin: 10px;\"><div class=\"card-body\"><p><i class=\"fas fa-briefcase\"><\/i> Frontend Developer React Native developer Mobile Developer<\/p><p><i class=\"fas fa-graduation-cap\"><\/i> Bachelors Degree<\/p><p><i class=\"fas fa-calendar-alt\"><\/i> Available from: 23\/02\/2026<\/p><p><i class=\"fas fa-clock\"><\/i> 3 years of experience<\/p><\/div><\/div><div class=\"entry-card\" data-profession=\"Engineer\" style=\"background-image: linear-gradient(to bottom, rgba(60, 60, 60, 0.8), rgba(0, 0, 0, 0.8)); color: #fff; border-radius: 10px; box-shadow: 0px 1px 15px #f7362e; margin: 10px;\"><div class=\"card-body\"><p><i class=\"fas fa-briefcase\"><\/i> Project Coordinator\/Junior Civil Engineer or Site Administrator<\/p><p><i class=\"fas fa-graduation-cap\"><\/i> Baccalaureate &amp; Master Level<\/p><p><i class=\"fas fa-calendar-alt\"><\/i> Available from: 02\/03\/2026<\/p><p><i class=\"fas fa-clock\"><\/i> 15 years of experience<\/p><\/div><\/div><div class=\"entry-card\" data-profession=\"Menuiserie\" style=\"background-image: linear-gradient(to bottom, rgba(60, 60, 60, 0.8), rgba(0, 0, 0, 0.8)); color: #fff; border-radius: 10px; box-shadow: 0px 1px 15px #f7362e; margin: 10px;\"><div class=\"card-body\"><p><i class=\"fas fa-briefcase\"><\/i> Technicien<\/p><p><i class=\"fas fa-graduation-cap\"><\/i> Brevet technicien<\/p><p><i class=\"fas fa-calendar-alt\"><\/i> Available from: 21\/02\/2026<\/p><p><i class=\"fas fa-clock\"><\/i> 5 years of experience<\/p><\/div><\/div><div class=\"entry-card\" data-profession=\"Menuiserie\" style=\"background-image: linear-gradient(to bottom, rgba(60, 60, 60, 0.8), rgba(0, 0, 0, 0.8)); color: #fff; border-radius: 10px; box-shadow: 0px 1px 15px #f7362e; margin: 10px;\"><div class=\"card-body\"><p><i class=\"fas fa-briefcase\"><\/i> Technicien<\/p><p><i class=\"fas fa-graduation-cap\"><\/i> Brevet technicien<\/p><p><i class=\"fas fa-calendar-alt\"><\/i> Available from: 24\/01\/2026<\/p><p><i class=\"fas fa-clock\"><\/i> 5 years of experience<\/p><\/div><\/div><div class=\"entry-card\" data-profession=\"Frigoriste\" style=\"background-image: linear-gradient(to bottom, rgba(60, 60, 60, 0.8), rgba(0, 0, 0, 0.8)); color: #fff; border-radius: 10px; box-shadow: 0px 1px 15px #f7362e; margin: 10px;\"><div class=\"card-body\"><p><i class=\"fas fa-briefcase\"><\/i> Frigoriste aide frigoriste<\/p><p><i class=\"fas fa-graduation-cap\"><\/i> Baccalaur\u00e9at<\/p><p><i class=\"fas fa-calendar-alt\"><\/i> Available from: 01\/01\/2026<\/p><p><i class=\"fas fa-clock\"><\/i> 1 years of experience<\/p><\/div><\/div><div class=\"entry-card\" data-profession=\"M\u00e9canicien\" style=\"background-image: linear-gradient(to bottom, rgba(60, 60, 60, 0.8), rgba(0, 0, 0, 0.8)); color: #fff; border-radius: 10px; box-shadow: 0px 1px 15px #f7362e; margin: 10px;\"><div class=\"card-body\"><p><i class=\"fas fa-briefcase\"><\/i> Adjoint au directeur technique<\/p><p><i class=\"fas fa-graduation-cap\"><\/i> BAC<\/p><p><i class=\"fas fa-calendar-alt\"><\/i> Available from: 29\/09\/2025<\/p><p><i class=\"fas fa-clock\"><\/i> 6 years of experience<\/p><\/div><\/div><div class=\"entry-card\" data-profession=\"M\u00e9canicien\" style=\"background-image: linear-gradient(to bottom, rgba(60, 60, 60, 0.8), rgba(0, 0, 0, 0.8)); color: #fff; border-radius: 10px; box-shadow: 0px 1px 15px #f7362e; margin: 10px;\"><div class=\"card-body\"><p><i class=\"fas fa-briefcase\"><\/i> Adjoint au directeur technique<\/p><p><i class=\"fas fa-graduation-cap\"><\/i> Bac<\/p><p><i class=\"fas fa-calendar-alt\"><\/i> Available from: 28\/09\/2025<\/p><p><i class=\"fas fa-clock\"><\/i> 6 years of experience<\/p><\/div><\/div><div class=\"entry-card\" data-profession=\"Engineer\" style=\"background-image: linear-gradient(to bottom, rgba(60, 60, 60, 0.8), rgba(0, 0, 0, 0.8)); color: #fff; border-radius: 10px; box-shadow: 0px 1px 15px #f7362e; margin: 10px;\"><div class=\"card-body\"><p><i class=\"fas fa-briefcase\"><\/i> Doctor<\/p><p><i class=\"fas fa-graduation-cap\"><\/i> Universty<\/p><p><i class=\"fas fa-calendar-alt\"><\/i> Available from: 06\/03\/2026<\/p><p><i class=\"fas fa-clock\"><\/i> 4 years of experience<\/p><\/div><\/div><div class=\"entry-card\" data-profession=\"HR\" style=\"background-image: linear-gradient(to bottom, rgba(60, 60, 60, 0.8), rgba(0, 0, 0, 0.8)); color: #fff; border-radius: 10px; box-shadow: 0px 1px 15px #f7362e; margin: 10px;\"><div class=\"card-body\"><p><i class=\"fas fa-briefcase\"><\/i> HR Assistant<\/p><p><i class=\"fas fa-graduation-cap\"><\/i> Bachelor&#039;s degree<\/p><p><i class=\"fas fa-calendar-alt\"><\/i> Available from: 30\/04\/2025<\/p><p><i class=\"fas fa-clock\"><\/i> 7 years of experience<\/p><\/div><\/div><div class=\"entry-card\" data-profession=\"Specialist in Surveying and Infrastructure Project Management\" style=\"background-image: linear-gradient(to bottom, rgba(60, 60, 60, 0.8), rgba(0, 0, 0, 0.8)); color: #fff; border-radius: 10px; box-shadow: 0px 1px 15px #f7362e; margin: 10px;\"><div class=\"card-body\"><p><i class=\"fas fa-briefcase\"><\/i> Any Surveying or infrastructures Management available!<\/p><p><i class=\"fas fa-graduation-cap\"><\/i> BSc*<\/p><p><i class=\"fas fa-calendar-alt\"><\/i> Available from: 01\/05\/2025<\/p><p><i class=\"fas fa-clock\"><\/i> 16 years of experience<\/p><\/div><\/div><div class=\"entry-card\" data-profession=\"Op\u00e9rateur de machine \u00e0 imprimer\" style=\"background-image: linear-gradient(to bottom, rgba(60, 60, 60, 0.8), rgba(0, 0, 0, 0.8)); color: #fff; border-radius: 10px; box-shadow: 0px 1px 15px #f7362e; margin: 10px;\"><div class=\"card-body\"><p><i class=\"fas fa-briefcase\"><\/i> Op\u00e9rateur de machine \u00e0 imprimer \/ ou aide cuisinier<\/p><p><i class=\"fas fa-graduation-cap\"><\/i> Secondaires 5<\/p><p><i class=\"fas fa-calendar-alt\"><\/i> Available from: 01\/05\/2025<\/p><p><i class=\"fas fa-clock\"><\/i> 9 years of experience<\/p><\/div><\/div><div class=\"entry-card\" data-profession=\"Consultante\" style=\"background-image: linear-gradient(to bottom, rgba(60, 60, 60, 0.8), rgba(0, 0, 0, 0.8)); color: #fff; border-radius: 10px; box-shadow: 0px 1px 15px #f7362e; margin: 10px;\"><div class=\"card-body\"><p><i class=\"fas fa-briefcase\"><\/i> Consultante en transformation organisationnelle et gestion du changement<\/p><p><i class=\"fas fa-graduation-cap\"><\/i> Master<\/p><p><i class=\"fas fa-calendar-alt\"><\/i> Available from: 31\/03\/2025<\/p><p><i class=\"fas fa-clock\"><\/i> 4 years of experience<\/p><\/div><\/div><div class=\"entry-card\" data-profession=\"\u00c9lectricien\" style=\"background-image: linear-gradient(to bottom, rgba(60, 60, 60, 0.8), rgba(0, 0, 0, 0.8)); color: #fff; border-radius: 10px; box-shadow: 0px 1px 15px #f7362e; margin: 10px;\"><div class=\"card-body\"><p><i class=\"fas fa-briefcase\"><\/i> \u00c9lectricien b\u00e2timent et industriel<\/p><p><i class=\"fas fa-graduation-cap\"><\/i> Baccalaur\u00e9at \u00e9lectrotechnique et une maintenance en syst\u00e8mes automatis\u00e9 de production<\/p><p><i class=\"fas fa-calendar-alt\"><\/i> Available from: 27\/01\/2025<\/p><p><i class=\"fas fa-clock\"><\/i> 4 years of experience<\/p><\/div><\/div><div class=\"entry-card\" data-profession=\"\u00c9LECTROTECHNICIEN\" style=\"background-image: linear-gradient(to bottom, rgba(60, 60, 60, 0.8), rgba(0, 0, 0, 0.8)); color: #fff; border-radius: 10px; box-shadow: 0px 1px 15px #f7362e; margin: 10px;\"><div class=\"card-body\"><p><i class=\"fas fa-briefcase\"><\/i> Technicien en \u00e9lectrotechnique<\/p><p><i class=\"fas fa-graduation-cap\"><\/i> Baccalaur\u00e9at professionnel et CAPIET<\/p><p><i class=\"fas fa-calendar-alt\"><\/i> Available from: 23\/10\/2024<\/p><p><i class=\"fas fa-clock\"><\/i> 10 years of experience<\/p><\/div><\/div><\/div><p style=\"text-align: center; margin-top: 20px;\">We have more candidates available. Contact us to learn more!<\/p>\r\n        <script>\r\n            document.addEventListener(\"DOMContentLoaded\", function() {\r\n                const professionDropdown = document.getElementById(\"profession-dropdown\");\r\n                const entriesContainer = document.getElementById(\"entries-container\");\r\n\r\n                professionDropdown.addEventListener(\"change\", function() {\r\n                    const selectedProfession = professionDropdown.value;\r\n                    const entryCards = entriesContainer.children;\r\n\r\n                    for (let i = 0; i < entryCards.length; i++) {\r\n                        const entryCard = entryCards[i];\r\n                        const profession = entryCard.getAttribute(\"data-profession\");\r\n\r\n                        if (selectedProfession === \"\" || profession === selectedProfession) {\r\n                            entryCard.style.display = \"block\";\r\n                        } else {\r\n                            entryCard.style.display = \"none\";\r\n                        }\r\n                    }\r\n                });\r\n            });\r\n        <\/script>\r\n    <\/div>\r\n<\/div>\r\n\r\n<style>\r\n    .filter-container {\r\n        text-align: center;\r\n        margin-bottom: 20px;\r\n    }\r\n\r\n    .entries-container {\r\n        display: flex;\r\n        flex-wrap: wrap;\r\n        justify-content: center;\r\n    }\r\n\r\n    .entry-card {\r\n        margin: 10px;\r\n        box-shadow: 0px 1px 15px #f7362e;\r\n\t\tmax-width: 300px;\r\n        width: calc(50% - 20px);\r\n    }\r\n\r\n    @media (min-width: 500px) and (max-width: 900px) {\r\n        .entry-card {\r\n            width: calc(50% - 20px);\r\n        }\r\n    }\r\n\r\n    @media (min-width: 901px) {\r\n        .entry-card {\r\n            width: calc(33.33% - 20px);\r\n        }\r\n    }\r\n\r\n    @media (max-width: 550px) {\r\n        .entry-card {\r\n            width: 100% !important;\r\n        }\r\n    }\r\n\r\n    .entry-card .card-header {\r\n        padding: 10px;\r\n        border-bottom: 1px solid #ddd;\r\n    }\r\n    .entry-card .card-body {\r\n        padding: 20px;\r\n        font-size: 14px;\r\n    }\r\n\r\n    .entry-card .card-footer {\r\n        padding: 10px;\r\n        border-top: 1px solid #ddd;\r\n    }\r\n<\/style>\n\n\n\n<p><strong>Tell us what you&#8217;re looking for in your next hire. Fill out the form below to get started on finding the perfect candidate<\/strong><\/p>\n\n\n<div class=\"forminator-ui forminator-custom-form forminator-custom-form-163 forminator-design--material  forminator_ajax\" data-forminator-render=\"0\" data-form=\"forminator-module-163\" data-uid=\"69e4e5a3a4bd3\"><br\/><\/div><form\n\t\t\t\tid=\"forminator-module-163\"\n\t\t\t\tclass=\"forminator-ui forminator-custom-form forminator-custom-form-163 forminator-design--material  forminator_ajax\"\n\t\t\t\tmethod=\"post\"\n\t\t\t\tdata-forminator-render=\"0\"\n\t\t\t\tdata-form-id=\"163\"\n\t\t\t\t\n\t\t\t\tdata-design=\"material\"\n\t\t\t\tdata-color-option=\"default\"\n\t\t\t\t\n\t\t\t\t\n\t\t\t\t\n\t\t\t\tdata-grid=\"open\"\n\t\t\t\t\n\t\t\t\t\n\t\t\t\tstyle=\"display: none;\"\n\t\t\t\t\n\t\t\t\tdata-uid=\"69e4e5a3a4bd3\"\n\t\t\t><div role=\"alert\" aria-live=\"polite\" class=\"forminator-response-message forminator-error\" aria-hidden=\"true\"><\/div><div class=\"forminator-row\"><div id=\"name-1\" class=\"forminator-field-name forminator-col forminator-col-12 \"><div class=\"forminator-field\"><label for=\"forminator-field-name-1_69e4e5a3a4bd3\" id=\"forminator-field-name-1_69e4e5a3a4bd3-label\" class=\"forminator-label\">Full Name <span class=\"forminator-required\">*<\/span><\/label><input type=\"text\" name=\"name-1\" value=\"\" placeholder=\"\" id=\"forminator-field-name-1_69e4e5a3a4bd3\" class=\"forminator-input forminator-name--field\" aria-required=\"true\" \/><\/div><\/div><\/div><div class=\"forminator-row\"><div id=\"email-1\" class=\"forminator-field-email forminator-col forminator-col-6 \"><div class=\"forminator-field\"><label for=\"forminator-field-email-1_69e4e5a3a4bd3\" id=\"forminator-field-email-1_69e4e5a3a4bd3-label\" class=\"forminator-label\">Email Address <span class=\"forminator-required\">*<\/span><\/label><input type=\"email\" name=\"email-1\" value=\"\" placeholder=\"\" id=\"forminator-field-email-1_69e4e5a3a4bd3\" class=\"forminator-input forminator-email--field\" data-required=\"true\" aria-required=\"true\" \/><\/div><\/div><div id=\"phone-1\" class=\"forminator-field-phone forminator-col forminator-col-6 \"><div class=\"forminator-field\"><label for=\"forminator-field-phone-1_69e4e5a3a4bd3\" id=\"forminator-field-phone-1_69e4e5a3a4bd3-label\" class=\"forminator-label\">Phone Number<\/label><input type=\"text\" name=\"phone-1\" value=\"\" placeholder=\"+13004005000\" id=\"forminator-field-phone-1_69e4e5a3a4bd3\" class=\"forminator-input forminator-field--phone\" data-required=\"\" aria-required=\"false\" autocomplete=\"off\" \/><\/div><\/div><\/div><div class=\"forminator-row\"><div id=\"text-2\" class=\"forminator-field-text forminator-col forminator-col-6 \"><div class=\"forminator-field\"><label for=\"forminator-field-text-2_69e4e5a3a4bd3\" id=\"forminator-field-text-2_69e4e5a3a4bd3-label\" class=\"forminator-label\">Profession <span class=\"forminator-required\">*<\/span><\/label><input type=\"text\" name=\"text-2\" value=\"\" placeholder=\"\" id=\"forminator-field-text-2_69e4e5a3a4bd3\" class=\"forminator-input forminator-name--field\" data-required=\"1\" \/><\/div><\/div><div id=\"text-1\" class=\"forminator-field-text forminator-col forminator-col-6 \"><div class=\"forminator-field\"><label for=\"forminator-field-text-1_69e4e5a3a4bd3\" id=\"forminator-field-text-1_69e4e5a3a4bd3-label\" class=\"forminator-label\">Job Title <span class=\"forminator-required\">*<\/span><\/label><input type=\"text\" name=\"text-1\" value=\"\" placeholder=\"\" id=\"forminator-field-text-1_69e4e5a3a4bd3\" class=\"forminator-input forminator-name--field\" data-required=\"1\" \/><\/div><\/div><\/div><div class=\"forminator-row\"><div id=\"text-3\" class=\"forminator-field-text forminator-col forminator-col-6 \"><div class=\"forminator-field\"><label for=\"forminator-field-text-3_69e4e5a3a4bd3\" id=\"forminator-field-text-3_69e4e5a3a4bd3-label\" class=\"forminator-label\">Job Language <span class=\"forminator-required\">*<\/span><\/label><input type=\"text\" name=\"text-3\" value=\"\" placeholder=\"\" id=\"forminator-field-text-3_69e4e5a3a4bd3\" class=\"forminator-input forminator-name--field\" data-required=\"1\" \/><\/div><\/div><div id=\"number-1\" class=\"forminator-field-number forminator-col forminator-col-6 \"><div class=\"forminator-field\"><label for=\"forminator-field-number-1_69e4e5a3a4bd3\" id=\"forminator-field-number-1_69e4e5a3a4bd3-label\" class=\"forminator-label\">Years of Experience <span class=\"forminator-required\">*<\/span><\/label><input name=\"number-1\" value=\"\" placeholder=\"\" id=\"forminator-field-number-1_69e4e5a3a4bd3\" class=\"forminator-input forminator-number--field\" inputmode=\"decimal\" data-required=\"1\" data-decimals=\"0\" aria-required=\"true\" data-inputmask=\"&#039;groupSeparator&#039;: &#039;&#039;, &#039;radixPoint&#039;: &#039;&#039;, &#039;digits&#039;: &#039;0&#039;\" data-hidden-behavior=\"zero\" type=\"number\" step=\"any\" min=\"1\" max=\"150\" \/><\/div><\/div><\/div><div class=\"forminator-row\"><div id=\"textarea-2\" class=\"forminator-field-textarea forminator-col forminator-col-12 \"><div class=\"forminator-field\"><label for=\"forminator-field-textarea-2_69e4e5a3a4bd3\" id=\"forminator-field-textarea-2_69e4e5a3a4bd3-label\" class=\"forminator-label\">Job Description<\/label><textarea name=\"textarea-2\" placeholder=\"\" id=\"forminator-field-textarea-2_69e4e5a3a4bd3\" class=\"forminator-textarea\" rows=\"6\" style=\"min-height:140px;\" ><\/textarea><\/div><\/div><\/div><input type=\"hidden\" name=\"referer_url\" value=\"\" \/><div class=\"forminator-row forminator-row-last\"><div class=\"forminator-col\"><div class=\"forminator-field\"><button class=\"forminator-button forminator-button-submit\"><span>Submit<\/span><span aria-hidden=\"true\"><\/span><\/button><\/div><\/div><\/div><input type=\"hidden\" id=\"forminator_nonce\" name=\"forminator_nonce\" value=\"031dd54ddc\" \/><input type=\"hidden\" name=\"_wp_http_referer\" value=\"\/fr\/wp-json\/wp\/v2\/pages\/26\" \/><input type=\"hidden\" name=\"form_id\" value=\"163\"><input type=\"hidden\" name=\"page_id\" value=\"26\"><input type=\"hidden\" name=\"form_type\" value=\"default\"><input type=\"hidden\" name=\"current_url\" value=\"https:\/\/canhustle365.com\/fr\/hire-now\/\"><input type=\"hidden\" name=\"render_id\" value=\"0\"><input type=\"hidden\" name=\"action\" value=\"forminator_submit_form_custom-forms\"><\/form>\n","protected":false},"excerpt":{"rendered":"<p>Unlock Your Potential with CanHustle 365 Embark on a path to growth and success with CanHustle 365. Our platform bridges talented job seekers and leading employers through cutting-edge technology and a personalized approach. We&#8217;re committed to helping you flourish. Browse through our list of skilled and experienced job seekers below: Tell us what you&#8217;re looking [&hellip;]<\/p>\n","protected":false},"author":1,"featured_media":0,"parent":0,"menu_order":0,"comment_status":"closed","ping_status":"closed","template":"no-title","meta":{"_monsterinsights_skip_tracking":false,"_monsterinsights_sitenote_active":false,"_monsterinsights_sitenote_note":"","_monsterinsights_sitenote_category":0,"footnotes":""},"class_list":["post-26","page","type-page","status-publish","hentry"],"aioseo_notices":[],"_links":{"self":[{"href":"https:\/\/canhustle365.com\/fr\/wp-json\/wp\/v2\/pages\/26","targetHints":{"allow":["GET"]}}],"collection":[{"href":"https:\/\/canhustle365.com\/fr\/wp-json\/wp\/v2\/pages"}],"about":[{"href":"https:\/\/canhustle365.com\/fr\/wp-json\/wp\/v2\/types\/page"}],"author":[{"embeddable":true,"href":"https:\/\/canhustle365.com\/fr\/wp-json\/wp\/v2\/users\/1"}],"replies":[{"embeddable":true,"href":"https:\/\/canhustle365.com\/fr\/wp-json\/wp\/v2\/comments?post=26"}],"version-history":[{"count":13,"href":"https:\/\/canhustle365.com\/fr\/wp-json\/wp\/v2\/pages\/26\/revisions"}],"predecessor-version":[{"id":269,"href":"https:\/\/canhustle365.com\/fr\/wp-json\/wp\/v2\/pages\/26\/revisions\/269"}],"wp:attachment":[{"href":"https:\/\/canhustle365.com\/fr\/wp-json\/wp\/v2\/media?parent=26"}],"curies":[{"name":"wp","href":"https:\/\/api.w.org\/{rel}","templated":true}]}}