{"id":28,"date":"2024-09-08T18:31:14","date_gmt":"2024-09-08T18:31:14","guid":{"rendered":"https:\/\/canhustle365.com\/contact\/"},"modified":"2025-03-11T18:07:41","modified_gmt":"2025-03-11T18:07:41","slug":"contact","status":"publish","type":"page","link":"https:\/\/canhustle365.com\/fr\/contact\/","title":{"rendered":"Contactez-nous"},"content":{"rendered":"<div class=\"wp-block-group alignfull has-background-background-color has-background has-global-padding is-layout-constrained wp-container-core-group-is-layout-832022f9 wp-block-group-is-layout-constrained\" style=\"margin-top:0;margin-bottom:0;padding-top:0;padding-right:0;padding-bottom:0;padding-left:0\">\n<div class=\"wp-block-cover alignfull extendify-image-import\" style=\"padding-top:0;padding-right:var(--wp--preset--spacing--30);padding-bottom:0;padding-left:var(--wp--preset--spacing--30);min-height:100vh;aspect-ratio:unset;\"><span aria-hidden=\"true\" class=\"wp-block-cover__background has-black-background-color has-background-dim-60 has-background-dim\"><\/span><img decoding=\"async\" class=\"wp-block-cover__image-background\" alt=\"\" src=\"https:\/\/images.unsplash.com\/photo-1616587226960-4a03badbe8bf?fit=crop&amp;crop=entropy%2Cfaces&amp;auto=format%2Ccompress&amp;w=1280\" data-object-fit=\"cover\"\/><div class=\"wp-block-cover__inner-container is-layout-flow wp-block-cover-is-layout-flow\">\n<div class=\"wp-block-group has-global-padding is-layout-constrained wp-block-group-is-layout-constrained\" style=\"padding-top:var(--wp--preset--spacing--60);padding-bottom:var(--wp--preset--spacing--60)\">\n<div class=\"wp-block-group alignwide has-global-padding is-content-justification-left is-layout-constrained wp-container-core-group-is-layout-12dd3699 wp-block-group-is-layout-constrained\">\n<h1 class=\"wp-block-heading has-text-color has-x-large-font-size\" style=\"color:#fffffffc\">Contactez-nous<\/h1>\n\n\n\n<p class=\"has-text-color\" style=\"color:#fffffffc;margin-top:16px\">Connectez-vous avec l'\u00e9quipe d'experts de CanHustle 365 pour des conseils de carri\u00e8re personnalis\u00e9s. Si vous avez une question ou avez besoin d'aide pour votre carri\u00e8re, nous sommes l\u00e0 pour vous assister.<\/p>\n<\/div>\n<\/div>\n<\/div><\/div>\n<\/div>\n\n\n\n<div class=\"wp-block-group alignfull has-tertiary-background-color has-background has-global-padding is-layout-constrained wp-container-core-group-is-layout-254d6575 wp-block-group-is-layout-constrained\" style=\"margin-top:0;margin-bottom:0;padding-top:var(--wp--preset--spacing--60);padding-right:var(--wp--preset--spacing--30);padding-bottom:var(--wp--preset--spacing--60);padding-left:var(--wp--preset--spacing--30)\">\n<h2 class=\"wp-block-heading has-text-align-center has-large-font-size\">Connectez-vous avec l'\u00e9quipe d'experts de CanHustle 365 d\u00e8s aujourd'hui !<\/h2>\n\n\n\n<p class=\"has-text-align-center\"><strong>59 Walden Manor SE<\/strong><\/p>\n\n\n\n<p class=\"has-text-align-center\" style=\"margin-top:0;margin-bottom:0\"><strong>Calgary T2X 0N1<\/strong><\/p>\n\n\n\n<p class=\"has-text-align-center has-small-font-size\" style=\"margin-top:8px\"><a href=\"tel:+14036685398\" title=\"\">+1 (403) 668-5398<\/a><\/p>\n\n\n\n<p class=\"has-text-align-center has-small-font-size\" style=\"margin-top:8px\">info@canhustle365.com<\/p>\n<\/div>","protected":false},"excerpt":{"rendered":"<p>Connect with CanHustle 365&#8217;s Expert Team Today! 59 Walden Manor SE Calgary T2X 0N1 +1 (403) 668-5398 info@canhustle365.com<\/p>","protected":false},"author":1,"featured_media":0,"parent":0,"menu_order":0,"comment_status":"closed","ping_status":"closed","template":"no-title","meta":{"_monsterinsights_skip_tracking":false,"_monsterinsights_sitenote_active":false,"_monsterinsights_sitenote_note":"","_monsterinsights_sitenote_category":0,"footnotes":""},"class_list":["post-28","page","type-page","status-publish","hentry"],"aioseo_notices":[],"_links":{"self":[{"href":"https:\/\/canhustle365.com\/fr\/wp-json\/wp\/v2\/pages\/28","targetHints":{"allow":["GET"]}}],"collection":[{"href":"https:\/\/canhustle365.com\/fr\/wp-json\/wp\/v2\/pages"}],"about":[{"href":"https:\/\/canhustle365.com\/fr\/wp-json\/wp\/v2\/types\/page"}],"author":[{"embeddable":true,"href":"https:\/\/canhustle365.com\/fr\/wp-json\/wp\/v2\/users\/1"}],"replies":[{"embeddable":true,"href":"https:\/\/canhustle365.com\/fr\/wp-json\/wp\/v2\/comments?post=28"}],"version-history":[{"count":9,"href":"https:\/\/canhustle365.com\/fr\/wp-json\/wp\/v2\/pages\/28\/revisions"}],"predecessor-version":[{"id":380,"href":"https:\/\/canhustle365.com\/fr\/wp-json\/wp\/v2\/pages\/28\/revisions\/380"}],"wp:attachment":[{"href":"https:\/\/canhustle365.com\/fr\/wp-json\/wp\/v2\/media?parent=28"}],"curies":[{"name":"wp","href":"https:\/\/api.w.org\/{rel}","templated":true}]}}