{"id":30,"date":"2024-09-08T18:31:15","date_gmt":"2024-09-08T18:31:15","guid":{"rendered":"https:\/\/canhustle365.com\/home-2\/"},"modified":"2024-09-30T20:21:36","modified_gmt":"2024-09-30T20:21:36","slug":"home","status":"publish","type":"page","link":"https:\/\/canhustle365.com\/fr\/","title":{"rendered":"Accueil"},"content":{"rendered":"<div class=\"wp-block-cover alignfull has-custom-content-position is-position-bottom-center extendify-image-import\" style=\"padding-right:var(--wp--preset--spacing--30);padding-left:var(--wp--preset--spacing--30);min-height:100vh;aspect-ratio:unset;\"><span aria-hidden=\"true\" class=\"wp-block-cover__background has-black-background-color has-background-dim-60 has-background-dim\"><\/span><img decoding=\"async\" class=\"wp-block-cover__image-background\" alt=\"\" src=\"https:\/\/images.unsplash.com\/photo-1632835221568-8f6e715f7c54?fit=crop&amp;crop=entropy%2Cfaces&amp;auto=format%2Ccompress&amp;w=1280\" data-object-fit=\"cover\"\/><div class=\"wp-block-cover__inner-container is-layout-flow wp-block-cover-is-layout-flow\">\n<div class=\"wp-block-group has-global-padding is-layout-constrained wp-block-group-is-layout-constrained\" style=\"padding-top:var(--wp--preset--spacing--40);padding-bottom:var(--wp--preset--spacing--60)\">\n<div class=\"wp-block-columns alignwide is-layout-flex wp-container-core-columns-is-layout-9503679e wp-block-columns-is-layout-flex\">\n<div class=\"wp-block-column is-layout-flow wp-block-column-is-layout-flow\" style=\"flex-basis:60%\">\n<h2 class=\"wp-block-heading has-text-align-left has-white-color has-text-color has-x-large-font-size\">Optimisez votre croissance de carri\u00e8re avec nos connaissances sp\u00e9cialis\u00e9es<\/h2>\n<\/div>\n\n\n\n<div class=\"wp-block-column is-layout-flow wp-block-column-is-layout-flow\" style=\"flex-basis:40%\">\n<p class=\"has-text-align-left has-white-color has-text-color\" style=\"padding-top:var(--wp--preset--spacing--30)\">D\u00e9couvrez des strat\u00e9gies de recrutement sur mesure con\u00e7ues pour d\u00e9bloquer votre plein potentiel et vous propulser vers un succ\u00e8s de carri\u00e8re sans pr\u00e9c\u00e9dent, vous assurant ainsi d'atteindre vos aspirations professionnelles. Explorez des m\u00e9thodes innovantes qui r\u00e9pondent \u00e0 vos forces et ambitions uniques, vous permettant d'atteindre de nouveaux sommets dans votre parcours professionnel<\/p>\n\n\n\n<div class=\"wp-block-buttons is-content-justification-left is-layout-flex wp-container-core-buttons-is-layout-3535db69 wp-block-buttons-is-layout-flex\" style=\"margin-top:var(--wp--preset--spacing--30)\">\n<div class=\"wp-block-button has-custom-font-size is-style-fill has-small-font-size\"><a class=\"wp-block-button__link has-background wp-element-button\" href=\"https:\/\/canhustle365.com\/fr\/looking-for-a-job\/\" style=\"background-color:#f7362e\">\u00c0 la recherche d'un emploi ?<\/a><\/div>\n<\/div>\n<\/div>\n<\/div>\n<\/div>\n<\/div><\/div>\n\n\n\n<div class=\"wp-block-group alignfull has-tertiary-background-color has-background has-global-padding is-layout-constrained wp-container-core-group-is-layout-7276a2bb wp-block-group-is-layout-constrained\" style=\"margin-top:0;margin-bottom:0;padding-top:var(--wp--preset--spacing--60);padding-right:var(--wp--preset--spacing--30);padding-bottom:var(--wp--preset--spacing--60);padding-left:var(--wp--preset--spacing--30);background-position:56.99999999999999% 55.00000000000001%;background-size:120px;\">\n<h2 class=\"wp-block-heading has-text-align-center has-large-font-size\">D\u00e9bloquez votre potentiel avec CanHustle 365<\/h2>\n\n\n\n<p class=\"has-text-align-center\" style=\"margin-top:16px\">Chez CanHustle 365, nous sommes d\u00e9termin\u00e9s \u00e0 aider les individus \u00e0 trouver leur carri\u00e8re id\u00e9ale et \u00e0 r\u00e9ussir sur le march\u00e9 du travail. Notre plateforme est une ressource fiable, qui met en relation les meilleurs talents avec les employeurs de premier plan pour assurer un succ\u00e8s mutuel.<\/p>\n<\/div>\n\n\n\n<div class=\"wp-block-group alignfull has-background-background-color has-background has-global-padding is-content-justification-center is-layout-constrained wp-container-core-group-is-layout-914ce643 wp-block-group-is-layout-constrained\" style=\"margin-top:0;margin-bottom:0;padding-top:var(--wp--preset--spacing--50);padding-right:var(--wp--preset--spacing--30);padding-bottom:var(--wp--preset--spacing--60);padding-left:var(--wp--preset--spacing--30);background-image:url(&apos;https:\/\/canhustle365.com\/wp-content\/uploads\/2024\/09\/short-logo-2.png&apos;);background-position:50% 20%;background-size:120px;\">\n<div class=\"wp-block-group alignwide has-global-padding is-content-justification-left is-layout-constrained wp-container-core-group-is-layout-12dd3699 wp-block-group-is-layout-constrained\">\n<h2 class=\"wp-block-heading has-large-font-size\" style=\"margin-top:12px\">Pourquoi choisir CanHustle 365 ?<\/h2>\n\n\n\n<p style=\"margin-top:16px\">Mettre les talents et les opportunit\u00e9s en relation sans effort avec Can Hustle 365.<\/p>\n<\/div>\n\n\n\n<div class=\"wp-block-columns alignwide is-layout-flex wp-container-core-columns-is-layout-08c01c1c wp-block-columns-is-layout-flex\">\n<div class=\"wp-block-column is-layout-flow wp-block-column-is-layout-flow\">\n<figure class=\"wp-block-image is-resized extendify-image-import\"><img decoding=\"async\" src=\"https:\/\/images.unsplash.com\/photo-1573497491208-6b1acb260507?fit=crop&amp;crop=entropy%2Cfaces&amp;auto=format%2Ccompress&amp;w=1280\" alt=\"\" style=\"aspect-ratio:1;object-fit:cover;width:480px;height:auto\"\/><\/figure>\n<\/div>\n\n\n\n<div class=\"wp-block-column is-vertically-aligned-center is-layout-flow wp-container-core-column-is-layout-ef883af5 wp-block-column-is-layout-flow\">\n<div class=\"wp-block-group has-tertiary-background-color has-background has-global-padding is-layout-constrained wp-container-core-group-is-layout-0e4ecca0 wp-block-group-is-layout-constrained\" style=\"padding-top:1.5rem;padding-right:1.5rem;padding-bottom:1.5rem;padding-left:1.5rem\">\n<h3 class=\"wp-block-heading\" style=\"font-size:clamp(14px, 0.875rem + ((1vw - 3.2px) * 0.625), 20px);line-height:1.5\">Expertise sectorielle large<\/h3>\n\n\n\n<p class=\"has-small-font-size\" style=\"margin-top:8px\">Notre expertise dans divers secteurs garantit un match id\u00e9al pour vos besoins.<\/p>\n<\/div>\n\n\n\n<div class=\"wp-block-group has-tertiary-background-color has-background has-global-padding is-layout-constrained wp-container-core-group-is-layout-0e4ecca0 wp-block-group-is-layout-constrained\" style=\"padding-top:1.5rem;padding-right:1.5rem;padding-bottom:1.5rem;padding-left:1.5rem\">\n<h3 class=\"wp-block-heading\" style=\"font-size:clamp(14px, 0.875rem + ((1vw - 3.2px) * 0.625), 20px);line-height:1.5\">Assurance de correspondance parfaite<\/h3>\n\n\n\n<p class=\"has-small-font-size\" style=\"margin-top:8px\">Chez CanHustle 365, nous nous assurons de la connexion parfaite pour un succ\u00e8s partag\u00e9.<\/p>\n<\/div>\n\n\n\n<div class=\"wp-block-group has-tertiary-background-color has-background has-global-padding is-layout-constrained wp-container-core-group-is-layout-0e4ecca0 wp-block-group-is-layout-constrained\" style=\"padding-top:1.5rem;padding-right:1.5rem;padding-bottom:1.5rem;padding-left:1.5rem\">\n<h3 class=\"wp-block-heading\" style=\"font-size:clamp(14px, 0.875rem + ((1vw - 3.2px) * 0.625), 20px);line-height:1.5\">Services de recrutement \u00e0 spectre complet<\/h3>\n\n\n\n<p class=\"has-small-font-size\" style=\"margin-top:8px\">Nous g\u00e9rons chaque d\u00e9tail du recrutement, vous \u00e9conomisant ainsi un temps et des efforts pr\u00e9cieux.<\/p>\n<\/div>\n<\/div>\n<\/div>\n<\/div>\n\n\n\n<div class=\"wp-block-cover alignfull wp-duotone-unset-3\" style=\"margin-top:0;margin-bottom:0;min-height:733px;aspect-ratio:unset;\"><span aria-hidden=\"true\" class=\"wp-block-cover__background has-background-dim-100 has-background-dim\" style=\"background-color:#f7362e\"><\/span><div class=\"wp-block-cover__inner-container is-layout-flow wp-block-cover-is-layout-flow\">\n<div class=\"wp-block-group alignfull has-background has-global-padding is-layout-constrained wp-container-core-group-is-layout-c03f3b2a wp-block-group-is-layout-constrained\" style=\"background-color:#f7362e;padding-top:var(--wp--preset--spacing--60);padding-right:var(--wp--preset--spacing--30);padding-bottom:var(--wp--preset--spacing--60);padding-left:var(--wp--preset--spacing--30)\">\n<div class=\"wp-block-media-text alignwide has-media-on-the-right is-stacked-on-mobile is-vertically-aligned-center is-image-fill extendify-image-import\" style=\"padding-right:0;padding-left:0;grid-template-columns:auto 40%\"><div class=\"wp-block-media-text__content\">\n<div class=\"wp-block-group has-global-padding is-content-justification-left is-layout-constrained wp-container-core-group-is-layout-cdff7eec wp-block-group-is-layout-constrained\" style=\"padding-top:var(--wp--preset--spacing--30);padding-right:0;padding-bottom:var(--wp--preset--spacing--30);padding-left:0\">\n<h2 class=\"wp-block-heading has-large-font-size\">D\u00e9couvrez des possibilit\u00e9s de carri\u00e8re infinies<\/h2>\n\n\n\n<p style=\"margin-top:16px\">Trouvez le chemin de carri\u00e8re qui vous permet de donner le meilleur de vous-m\u00eame. Rejoignez-nous aujourd'hui et explorez les nombreuses opportunit\u00e9s qui vous attendent.<\/p>\n\n\n\n<ul style=\"line-height:2\" class=\"wp-block-list has-small-font-size\">\n<li>Expertise sectorielle large<\/li>\n\n\n\n<li>Solutions de recrutement globales<\/li>\n\n\n\n<li>Orientations de carri\u00e8re personnalis\u00e9es<\/li>\n\n\n\n<li>Garantie de correspondance id\u00e9ale<\/li>\n<\/ul>\n\n\n\n<div class=\"wp-block-buttons is-layout-flex wp-container-core-buttons-is-layout-12dcd427 wp-block-buttons-is-layout-flex\" style=\"margin-top:var(--wp--preset--spacing--40)\">\n<div class=\"wp-block-button is-style-outline is-style-outline--2\"><a class=\"wp-block-button__link has-background wp-element-button\" href=\"https:\/\/canhustle365.com\/fr\/looking-for-a-job\/\" style=\"background-color:#f7362e\">Commencez maintenant<\/a><\/div>\n\n\n\n<div class=\"wp-block-button is-style-fill\"><a class=\"wp-block-button__link has-foreground-background-color has-background wp-element-button\" href=\"https:\/\/canhustle365.com\/fr\/contact\/\" style=\"border-style:none;border-width:0px;border-radius:5px\">D\u00e9couvrez plus<\/a><\/div>\n<\/div>\n<\/div>\n<\/div><figure class=\"wp-block-media-text__media\" style=\"background-image:url(https:\/\/images.unsplash.com\/photo-1573497161223-d9c42d7b0bad?fit=crop&amp;crop=entropy%2Cfaces&amp;auto=format%2Ccompress&amp;w=1280);background-position:50% 50%\"><img decoding=\"async\" src=\"https:\/\/images.unsplash.com\/photo-1573497161223-d9c42d7b0bad?fit=crop&amp;crop=entropy%2Cfaces&amp;auto=format%2Ccompress&amp;w=1280\" alt=\"\"\/><\/figure><\/div>\n<\/div>\n<\/div><\/div>","protected":false},"excerpt":{"rendered":"<p>Unlock Your Potential with CanHustle 365 At CanHustle 365, we are dedicated to helping individuals find their dream careers and thrive in the job market. Our platform is a reliable resource, connecting top talent with leading employers to ensure mutual success. Why Choose CanHustle 365? Connecting talent and opportunity effortlessly with Can Hustle 365. Broad [&hellip;]<\/p>\n","protected":false},"author":1,"featured_media":0,"parent":0,"menu_order":0,"comment_status":"closed","ping_status":"closed","template":"no-title","meta":{"_monsterinsights_skip_tracking":false,"_monsterinsights_sitenote_active":false,"_monsterinsights_sitenote_note":"","_monsterinsights_sitenote_category":0,"footnotes":""},"class_list":["post-30","page","type-page","status-publish","hentry"],"aioseo_notices":[],"_links":{"self":[{"href":"https:\/\/canhustle365.com\/fr\/wp-json\/wp\/v2\/pages\/30","targetHints":{"allow":["GET"]}}],"collection":[{"href":"https:\/\/canhustle365.com\/fr\/wp-json\/wp\/v2\/pages"}],"about":[{"href":"https:\/\/canhustle365.com\/fr\/wp-json\/wp\/v2\/types\/page"}],"author":[{"embeddable":true,"href":"https:\/\/canhustle365.com\/fr\/wp-json\/wp\/v2\/users\/1"}],"replies":[{"embeddable":true,"href":"https:\/\/canhustle365.com\/fr\/wp-json\/wp\/v2\/comments?post=30"}],"version-history":[{"count":21,"href":"https:\/\/canhustle365.com\/fr\/wp-json\/wp\/v2\/pages\/30\/revisions"}],"predecessor-version":[{"id":364,"href":"https:\/\/canhustle365.com\/fr\/wp-json\/wp\/v2\/pages\/30\/revisions\/364"}],"wp:attachment":[{"href":"https:\/\/canhustle365.com\/fr\/wp-json\/wp\/v2\/media?parent=30"}],"curies":[{"name":"wp","href":"https:\/\/api.w.org\/{rel}","templated":true}]}}